{"id":79,"date":"2016-09-26T23:03:06","date_gmt":"2016-09-26T21:03:06","guid":{"rendered":"http:\/\/fritule.si\/wordpress\/?page_id=79"},"modified":"2022-02-18T19:36:02","modified_gmt":"2022-02-18T18:36:02","slug":"ivan-fritulam-na-pot","status":"publish","type":"page","link":"https:\/\/fritule.si\/index.php\/ivan-fritulam-na-pot\/","title":{"rendered":"Ivan Fritulam na pot"},"content":{"rendered":"<p>Jasmina &#8230;<\/p>\n<p style=\"text-align: justify;\"><a class=\"ngg-fancybox\" title=\" \" href=\"http:\/\/fritule.si\/wp-content\/gallery\/ivan\/20130502_121458.jpg\" data-image-id=\"6\" data-src=\"http:\/\/fritule.si\/wp-content\/gallery\/ivan\/20130502_121458.jpg\" data-thumbnail=\"http:\/\/fritule.si\/wp-content\/gallery\/ivan\/thumbs\/thumbs_20130502_121458.jpg\" data-title=\"20130502_121458\" data-description=\" \"><img decoding=\"async\" loading=\"lazy\" class=\"ngg-singlepic ngg-none alignleft\" src=\"http:\/\/fritule.si\/wp-content\/gallery\/ivan\/thumbs\/thumbs_20130502_121458.jpg\" alt=\"20130502_121458\" width=\"140\" height=\"100\"><\/a>Veliko let sem dopustovala na dalmatinskem otoku Kor\u010dula, kjer sem spoznala pre\u010dudovite ljudi. Najve\u010dji vtis name pa je naredil en \u010dlovek, Ivan Cetini\u0107 iz Pri\u017ebe, druga\u010de tudi sorodnik znane hrva\u0161ke pevke Meri Cetini\u0107. To je bil \u010dlovek z veliko ljubezni do svoje dru\u017eine, prijateljev in do vseh ljudi okoli sebe. Velikokrat je v svojo hi\u0161o povabil prijatelje, \u010dlane znanih kor\u010dulanskih klap O\u0161jak, Vela Luka in Kumpanji, s katerimi je vedno rad prepeval.<\/p>\n<p>&nbsp;<\/p>\n<p><a class=\"ngg-fancybox\" title=\" \" href=\"http:\/\/fritule.si\/wp-content\/gallery\/ivan\/2011_-_oktober_-_81.jpg\" rel=\"\" data-image-id=\"5\" data-src=\"http:\/\/fritule.si\/wp-content\/gallery\/ivan\/2011_-_oktober_-_81.jpg\" data-thumbnail=\"http:\/\/fritule.si\/wp-content\/gallery\/ivan\/thumbs\/thumbs_2011_-_oktober_-_81.jpg\" data-title=\"2011_-_oktober_-_81\" data-description=\" \"><img decoding=\"async\" class=\"ngg-singlepic ngg-none alignleft\" src=\"http:\/\/fritule.si\/wp-content\/gallery\/ivan\/thumbs\/thumbs_2011_-_oktober_-_81.jpg\" alt=\"2011_-_oktober_-_81\"><\/a><\/p>\n<p style=\"text-align: justify;\">\u010cloveku je ob njihovem petju zastal dih. Ko sem jih sama poslu\u0161ala in tudi skupaj z njimi julij 2011 pri Ton\u010diju zapela, sem v sebi za\u010dutila \u017eeljo, da bi ko\u0161\u010dek tega, kar sem za\u010dutila z njimi, prenesla tudi domov, v Istro in Slovenijo. Ob tej priliki pa bi \u017eelela povedati \u0161e nekaj besed o mojem dragem prijatelju Ivanu, ki ga \u017eal ni ve\u010d med nami. Pustil je neuni\u010dljivo sled, na\u0161a pot ima namre\u010d za\u010detek v njegovi hi\u0161i,<a class=\"ngg-fancybox\" title=\" \" href=\"http:\/\/fritule.si\/wp-content\/gallery\/ivan\/julij2011_pri_tonciju.jpg\" rel=\"\" data-image-id=\"8\" data-src=\"http:\/\/fritule.si\/wp-content\/gallery\/ivan\/julij2011_pri_tonciju.jpg\" data-thumbnail=\"http:\/\/fritule.si\/wp-content\/gallery\/ivan\/thumbs\/thumbs_julij2011_pri_tonciju.jpg\" data-title=\"julij2011_pri_tonciju\" data-description=\" \"><img decoding=\"async\" class=\"ngg-singlepic ngg-none alignright\" src=\"http:\/\/fritule.si\/wp-content\/gallery\/ivan\/thumbs\/thumbs_julij2011_pri_tonciju.jpg\" alt=\"julij2011_pri_tonciju\"><\/a> brez njega ne bi bilo \u017dENSKE KLAPE FRITULE. Redno je spremljal vsak na\u0161 nastop, se veselil na\u0161ih uspehov in nas preko elektronske po\u0161te&nbsp;usmerjal in spodbujal.<\/p>\n<p>&nbsp;<\/p>\n<p>IVAN CETINI\u0106&#8230;<\/p>\n<p style=\"text-align: justify;\"><a class=\"ngg-fancybox\" title=\" \" href=\"http:\/\/fritule.si\/wp-content\/gallery\/ivan\/20130623_130702_1.jpg\" rel=\"\" data-image-id=\"7\" data-src=\"http:\/\/fritule.si\/wp-content\/gallery\/ivan\/20130623_130702_1.jpg\" data-thumbnail=\"http:\/\/fritule.si\/wp-content\/gallery\/ivan\/thumbs\/thumbs_20130623_130702_1.jpg\" data-title=\"20130623_130702_1\" data-description=\" \"><img decoding=\"async\" class=\"ngg-singlepic ngg-none alignleft\" src=\"http:\/\/fritule.si\/wp-content\/gallery\/ivan\/thumbs\/thumbs_20130623_130702_1.jpg\" alt=\"20130623_130702_1\"><\/a>\u00bbVeseli me, \u0161to ste svome nastopu stavili dalmatinsko ime i \u0161to je dalmatinska pisma voljena primorskoj Sloveniji. Jer, dalmatinsku pismo je slo\u017eio prost pu\u010dani, bodul ribara ili te\u017eak koji je, bidan po cile dane radi i gladan bio, ali uvik je ostavlja vrimena, <a class=\"ngg-fancybox\" title=\" \" href=\"http:\/\/fritule.si\/wp-content\/gallery\/ivan\/0062.jpg\" rel=\"\" data-image-id=\"4\" data-src=\"http:\/\/fritule.si\/wp-content\/gallery\/ivan\/0062.jpg\" data-thumbnail=\"http:\/\/fritule.si\/wp-content\/gallery\/ivan\/thumbs\/thumbs_0062.jpg\" data-title=\"0062\" data-description=\" \"><img decoding=\"async\" class=\"ngg-singlepic ngg-none alignright\" src=\"http:\/\/fritule.si\/wp-content\/gallery\/ivan\/thumbs\/thumbs_0062.jpg\" alt=\"0062\"><\/a>da svoje emocije uskladi primjereno plavetilu mora, surim stinama i borovom zelenilu. A sve je to morao staviti u okvire, zadane, svoga \u0161koja. Svaka neumjerenost ili ono \u0161to nije sklad, \u0161to nije tolerancija, bilo je druga\u010dije, neskladno i ne harmoni\u010dno.<\/p>\n<p>&nbsp;<\/p>\n<p style=\"text-align: justify;\"><a class=\"ngg-fancybox\" title=\" \" href=\"http:\/\/fritule.si\/wp-content\/gallery\/ivan\/0051.jpg\" rel=\"\" data-image-id=\"3\" data-src=\"http:\/\/fritule.si\/wp-content\/gallery\/ivan\/0051.jpg\" data-thumbnail=\"http:\/\/fritule.si\/wp-content\/gallery\/ivan\/thumbs\/thumbs_0051.jpg\" data-title=\"0051\" data-description=\" \"><img decoding=\"async\" class=\"ngg-singlepic ngg-none alignleft\" src=\"http:\/\/fritule.si\/wp-content\/gallery\/ivan\/thumbs\/thumbs_0051.jpg\" alt=\"0051\"><\/a>U dalmatinsko pismi, osim svuka i rije\u010di str\u0161i sklad, koji je imperativ. On, u klapi, \u010dini se jednostavan, ali nije tako. On nastaje prije svega iz suglasja sli\u010dnih du\u0161a koja u me\u0111usobnim odnosima i\u0161\u010du samo toleranciju. U \u017eivotu je to nemogu\u010de, biti toleranat i sam sa sobom, a kamoli vas devet. Hvala vam \u0161to osim pjesme otkrivate vrlinu ljutskoga roda, etiku me\u0111usobne tolerancije. Ona je u va\u0161em dru\u017eenju glavni i jedini cilj. Pjesma, melodijska linija, vertikalne harmonije i rije\u010di su samo sredstvo.<\/p>\n<p>&nbsp;<\/p>\n<p style=\"text-align: justify;\"><a class=\"ngg-fancybox\" title=\" \" href=\"http:\/\/fritule.si\/wp-content\/gallery\/ivan\/0041.jpg\" rel=\"\" data-image-id=\"2\" data-src=\"http:\/\/fritule.si\/wp-content\/gallery\/ivan\/0041.jpg\" data-thumbnail=\"http:\/\/fritule.si\/wp-content\/gallery\/ivan\/thumbs\/thumbs_0041.jpg\" data-title=\"0041\" data-description=\" \"><img decoding=\"async\" class=\"ngg-singlepic ngg-none alignleft\" src=\"http:\/\/fritule.si\/wp-content\/gallery\/ivan\/thumbs\/thumbs_0041.jpg\" alt=\"0041\"><\/a>\u00bbFritule se mogu spremati na mali milijun na\u010dina, ali samo Fritule iz Kopra mogu pjevati \u00bbna klapski na\u010din \u00bb&nbsp;\u00bbPuno ste lipe, ali sve. Stao sam gledaju\u0107i i \u010duo sam va\u0161u vertikalnu harmoniju toga trena. Puno ste \u0161esne. Poredane ste, u nizu, kao bocuni lipoga crnoga istarskoga merlota. Svih bih vas popili, u pola ure, kada bi samo mogli.<\/p>\n<p>&nbsp;<\/p>\n<p>JASMINA&#8230;<\/p>\n<p>Njegove zadnje misli namenjene nam, ko so mu \u017ee pojemale mo\u010di, je strnil le \u0161e preprosto besedo \u00bbSRETNO\u2026\u2026\u2026.\u00ab.<br \/>\nZa konec mu lahko re\u010dem le \u0161e iz srca: Hvala ti, dragi na\u0161 Ivane.<\/p>\n<p>&nbsp;<\/p>\n<p><a class=\"ngg-fancybox\" title=\" \" href=\"http:\/\/fritule.si\/wp-content\/gallery\/ivan\/0032.jpg\" data-image-id=\"1\" data-src=\"http:\/\/fritule.si\/wp-content\/gallery\/ivan\/0032.jpg\" data-thumbnail=\"http:\/\/fritule.si\/wp-content\/gallery\/ivan\/thumbs\/thumbs_0032.jpg\" data-title=\"0032\" data-description=\" \"><img decoding=\"async\" loading=\"lazy\" class=\"ngg-singlepic ngg-none aligncenter\" src=\"http:\/\/fritule.si\/wp-content\/gallery\/ivan\/thumbs\/thumbs_0032.jpg\" alt=\"0032\" width=\"140\" height=\"100\"><\/a><\/p>\n","protected":false},"excerpt":{"rendered":"<p>Jasmina &#8230; Veliko let sem dopustovala na dalmatinskem otoku Kor\u010dula, kjer sem spoznala pre\u010dudovite ljudi. Najve\u010dji vtis name pa je naredil en \u010dlovek, Ivan Cetini\u0107 iz Pri\u017ebe, druga\u010de tudi sorodnik [&hellip;]<\/p>\n","protected":false},"author":4,"featured_media":0,"parent":0,"menu_order":0,"comment_status":"closed","ping_status":"closed","template":"","meta":{"xn-wppe-expiration":[],"xn-wppe-expiration-action":[],"xn-wppe-expiration-prefix":[],"ngg_post_thumbnail":0},"_links":{"self":[{"href":"https:\/\/fritule.si\/index.php\/wp-json\/wp\/v2\/pages\/79"}],"collection":[{"href":"https:\/\/fritule.si\/index.php\/wp-json\/wp\/v2\/pages"}],"about":[{"href":"https:\/\/fritule.si\/index.php\/wp-json\/wp\/v2\/types\/page"}],"author":[{"embeddable":true,"href":"https:\/\/fritule.si\/index.php\/wp-json\/wp\/v2\/users\/4"}],"replies":[{"embeddable":true,"href":"https:\/\/fritule.si\/index.php\/wp-json\/wp\/v2\/comments?post=79"}],"version-history":[{"count":12,"href":"https:\/\/fritule.si\/index.php\/wp-json\/wp\/v2\/pages\/79\/revisions"}],"predecessor-version":[{"id":3128,"href":"https:\/\/fritule.si\/index.php\/wp-json\/wp\/v2\/pages\/79\/revisions\/3128"}],"wp:attachment":[{"href":"https:\/\/fritule.si\/index.php\/wp-json\/wp\/v2\/media?parent=79"}],"curies":[{"name":"wp","href":"https:\/\/api.w.org\/{rel}","templated":true}]}}