{"id":3238,"date":"2024-08-27T22:07:10","date_gmt":"2024-08-27T20:07:10","guid":{"rendered":"http:\/\/fritule.si\/?page_id=3238"},"modified":"2025-08-10T08:40:54","modified_gmt":"2025-08-10T06:40:54","slug":"clanice-2024","status":"publish","type":"page","link":"https:\/\/fritule.si\/index.php\/clanice-2024\/","title":{"rendered":"\u010clanice &#8211; 2024"},"content":{"rendered":"<p><strong>\u010clanice klape:<\/strong><\/p>\n<p><em>Gorana Japelj Bezjak, 1. sopran<br \/>\n<\/em><em>Sabina Gri\u017eon, 2. sopran<\/em><em><br \/>\nHelena Sko\u010dir, 1. alt<br \/>\nJasmina \u010cuturi\u0107, 1. alt<br \/>\n<\/em><em>Sonja Rijavec, 2. alt<br \/>\nDiana Vru\u010dini\u010d, 2. alt<\/p>\n<p>Umetni\u0161ki vodja: Gorana Japelj Bezjak<\/em><\/p>\n<p>Avdicije: &nbsp;prijave na <a href=\"mailto:kompanija.fritule@gmail.com\">klapafritule@gmail.com<\/a><\/p>\n","protected":false},"excerpt":{"rendered":"<p>\u010clanice klape: Gorana Japelj Bezjak, 1. sopran Sabina Gri\u017eon, 2. sopran Helena Sko\u010dir, 1. alt Jasmina \u010cuturi\u0107, 1. alt Sonja Rijavec, 2. alt Diana Vru\u010dini\u010d, 2. alt Umetni\u0161ki vodja: Gorana [&hellip;]<\/p>\n","protected":false},"author":4,"featured_media":0,"parent":0,"menu_order":0,"comment_status":"closed","ping_status":"closed","template":"","meta":{"xn-wppe-expiration":[],"xn-wppe-expiration-action":[],"xn-wppe-expiration-prefix":[],"ngg_post_thumbnail":0},"_links":{"self":[{"href":"https:\/\/fritule.si\/index.php\/wp-json\/wp\/v2\/pages\/3238"}],"collection":[{"href":"https:\/\/fritule.si\/index.php\/wp-json\/wp\/v2\/pages"}],"about":[{"href":"https:\/\/fritule.si\/index.php\/wp-json\/wp\/v2\/types\/page"}],"author":[{"embeddable":true,"href":"https:\/\/fritule.si\/index.php\/wp-json\/wp\/v2\/users\/4"}],"replies":[{"embeddable":true,"href":"https:\/\/fritule.si\/index.php\/wp-json\/wp\/v2\/comments?post=3238"}],"version-history":[{"count":5,"href":"https:\/\/fritule.si\/index.php\/wp-json\/wp\/v2\/pages\/3238\/revisions"}],"predecessor-version":[{"id":3254,"href":"https:\/\/fritule.si\/index.php\/wp-json\/wp\/v2\/pages\/3238\/revisions\/3254"}],"wp:attachment":[{"href":"https:\/\/fritule.si\/index.php\/wp-json\/wp\/v2\/media?parent=3238"}],"curies":[{"name":"wp","href":"https:\/\/api.w.org\/{rel}","templated":true}]}}